{"id":18,"date":"2021-04-21T10:28:17","date_gmt":"2021-04-21T13:28:17","guid":{"rendered":"https:\/\/projetopurus.com.br\/?page_id=18"},"modified":"2021-09-01T10:46:18","modified_gmt":"2021-09-01T15:46:18","slug":"o-projeto","status":"publish","type":"page","link":"https:\/\/projetopurus.com.br\/en\/o-projeto\/","title":{"rendered":"The Project"},"content":{"rendered":"<p>The Purus Project is a tropical forest conservation project that seeks payment for environmental services, also known as the Reduction of Emissions from Deforestation and Degradation (REDD+), in a privately owned area located in the State of Acre-Brazil, with 35,169 hectares (ie, approximately 86,867 acres). The Purus Project was successfully validated by SCS Global Services in January 2013 for the Verified Carbon Standard methodology (VCS, Version 3.3) and also for the Climate, Community and Biodiversity Standard methodology (CCBS, second edition), the latter with Gold Distinction.<\/p>\n\n\n\n<div class=\"wp-block-image is-style-default\"><figure class=\"aligncenter size-large is-resized\"><img fetchpriority=\"high\" decoding=\"async\" src=\"https:\/\/projetopurus.com.br\/wp-content\/uploads\/2021\/07\/embargacoes-projetos-purus-02-1024x766.png\" alt=\"\" class=\"wp-image-347\" width=\"512\" height=\"383\" srcset=\"https:\/\/projetopurus.com.br\/wp-content\/uploads\/2021\/07\/embargacoes-projetos-purus-02-1024x766.png 1024w, https:\/\/projetopurus.com.br\/wp-content\/uploads\/2021\/07\/embargacoes-projetos-purus-02-300x224.png 300w, https:\/\/projetopurus.com.br\/wp-content\/uploads\/2021\/07\/embargacoes-projetos-purus-02-768x574.png 768w, https:\/\/projetopurus.com.br\/wp-content\/uploads\/2021\/07\/embargacoes-projetos-purus-02-16x12.png 16w, https:\/\/projetopurus.com.br\/wp-content\/uploads\/2021\/07\/embargacoes-projetos-purus-02.png 1185w\" sizes=\"(max-width: 512px) 100vw, 512px\" \/><\/figure><\/div>\n\n\n\n<p>The CCBS Design Document, with supporting documentation, can be accessed through the website and page: <a href=\"http:\/\/www.climate-standards.org\/2012\/10\/20\/the-purus-project-a-tropical-forest-conservation-project-in-acre-brazil\/\">http:\/\/www.climate-standards.org\/2012\/10\/20\/the-purus-project-a-tropical-forest-conservation-project-in-acre-brazil\/<\/a> e o documento do VCS com a Descri\u00e7\u00e3o do Projeto e da documenta\u00e7\u00e3o pode ser acessado&nbsp;abaixo.<\/p>\n\n\n\n<p>The three main proponents of the project are: CarbonCo LLC (\u201cCarbonCo\u201d), Freitas International Group, LLC (\u201cFreitas International Group or Carbon Securities\u201d), and Moura &amp; Rosa Empreendimentos Imobili\u00e1rios LTDA. (\u201cMoura &amp; Rosa\u201d or \u201cM&amp;R\u201d). CarbonCo, the wholly owned subsidiary of Carbonfund.org, is responsible for obtaining certification and funding for the Purus Project at an early stage. Carbon Securities operates in agency, consulting, logistics, translation and intermediation between CarbonCo and Moura &amp; Rosa. Moura &amp; Rosa is a company located in the State of Acre-Brazil, owner of land and mainly responsible for the management and implementation of the environmental project and activities to reduce deforestation.<\/p>\n\n\n\n<div class=\"wp-block-image\"><figure class=\"aligncenter size-large is-resized\"><img decoding=\"async\" src=\"https:\/\/projetopurus.com.br\/wp-content\/uploads\/2021\/07\/avanco-derrubadas-05-1024x768.jpg\" alt=\"\" class=\"wp-image-275\" width=\"512\" height=\"384\" srcset=\"https:\/\/projetopurus.com.br\/wp-content\/uploads\/2021\/07\/avanco-derrubadas-05-1024x768.jpg 1024w, https:\/\/projetopurus.com.br\/wp-content\/uploads\/2021\/07\/avanco-derrubadas-05-300x225.jpg 300w, https:\/\/projetopurus.com.br\/wp-content\/uploads\/2021\/07\/avanco-derrubadas-05-768x576.jpg 768w, https:\/\/projetopurus.com.br\/wp-content\/uploads\/2021\/07\/avanco-derrubadas-05-1536x1152.jpg 1536w, https:\/\/projetopurus.com.br\/wp-content\/uploads\/2021\/07\/avanco-derrubadas-05-2048x1536.jpg 2048w, https:\/\/projetopurus.com.br\/wp-content\/uploads\/2021\/07\/avanco-derrubadas-05-16x12.jpg 16w\" sizes=\"(max-width: 512px) 100vw, 512px\" \/><\/figure><\/div>\n\n\n\n<p>The primary activities of the project are: conducting a forest carbon inventory, modeling regional deforestation and land use patterns, and mitigating deforestation pressures using payments for environmental services, through continuous monitoring of impacts on the community, climate and biodiversity of the Project area. Social projects and activities to mitigate deforestation pressures take into account the participation of EMBRAPA \u2013 Brazilian Agricultural Research Corporation and SOS Amaz\u00f4nia.<\/p>\n\n\n\n<p>This Purus Project Document is a summary of the Purus Project CCBS Project Design Document (PDD), the VCS Project Description (PD), and the full CCBS tracking plans, along with the CCB Project Execution Report and the Project Execution Report. VCS Monitoring, which cover the initial monitoring in the reporting period from May 23, 2011 to December 31, 2012.<\/p>","protected":false},"excerpt":{"rendered":"<p>O Projeto Purus \u00e9 um projeto de conserva\u00e7\u00e3o de floresta tropical que busca o pagamento por servi\u00e7os ambientais, tamb\u00e9m conhecido como a Redu\u00e7\u00e3o de Emiss\u00f5es por Desmatamento e Degrada\u00e7\u00e3o (REDD+), em uma \u00e1rea de propriedade privada situada no Estado do Acre-Brasil, com 35.169 hectares (ou seja, aproximadamente 86.867 acres). O Projeto Purus foi validado com &hellip;<\/p>\n<p class=\"read-more\"> <a class=\"\" href=\"https:\/\/projetopurus.com.br\/en\/o-projeto\/\"> <span class=\"screen-reader-text\">The Project<\/span> Read More &raquo;<\/a><\/p>","protected":false},"author":1,"featured_media":0,"parent":0,"menu_order":2,"comment_status":"closed","ping_status":"closed","template":"","meta":{"site-sidebar-layout":"default","site-content-layout":"default","ast-global-header-display":"","ast-main-header-display":"","ast-hfb-above-header-display":"","ast-hfb-below-header-display":"","ast-hfb-mobile-header-display":"","site-post-title":"","ast-breadcrumbs-content":"","ast-featured-img":"","footer-sml-layout":"","theme-transparent-header-meta":"default","adv-header-id-meta":"","stick-header-meta":"","header-above-stick-meta":"","header-main-stick-meta":"","header-below-stick-meta":"","footnotes":""},"class_list":["post-18","page","type-page","status-publish","hentry"],"yoast_head":"<!-- This site is optimized with the Yoast SEO plugin v27.5 - https:\/\/yoast.com\/product\/yoast-seo-wordpress\/ -->\n<title>O Projeto - Projeto Purus<\/title>\n<meta name=\"robots\" content=\"index, follow, max-snippet:-1, max-image-preview:large, max-video-preview:-1\" \/>\n<link rel=\"canonical\" href=\"https:\/\/projetopurus.com.br\/en\/o-projeto\/\" \/>\n<meta property=\"og:locale\" content=\"en_US\" \/>\n<meta property=\"og:type\" content=\"article\" \/>\n<meta property=\"og:title\" content=\"O Projeto - Projeto Purus\" \/>\n<meta property=\"og:description\" content=\"O Projeto Purus \u00e9 um projeto de conserva\u00e7\u00e3o de floresta tropical que busca o pagamento por servi\u00e7os ambientais, tamb\u00e9m conhecido como a Redu\u00e7\u00e3o de Emiss\u00f5es por Desmatamento e Degrada\u00e7\u00e3o (REDD+), em uma \u00e1rea de propriedade privada situada no Estado do Acre-Brasil, com 35.169 hectares (ou seja, aproximadamente 86.867 acres). O Projeto Purus foi validado com &hellip; O Projeto Read More &raquo;\" \/>\n<meta property=\"og:url\" content=\"https:\/\/projetopurus.com.br\/en\/o-projeto\/\" \/>\n<meta property=\"og:site_name\" content=\"Projeto Purus\" \/>\n<meta property=\"article:modified_time\" content=\"2021-09-01T15:46:18+00:00\" \/>\n<meta property=\"og:image\" content=\"https:\/\/projetopurus.com.br\/wp-content\/uploads\/2021\/07\/embargacoes-projetos-purus-02-1024x766.png\" \/>\n<meta name=\"twitter:card\" content=\"summary_large_image\" \/>\n<meta name=\"twitter:label1\" content=\"Est. reading time\" \/>\n\t<meta name=\"twitter:data1\" content=\"3 minutes\" \/>\n<script type=\"application\/ld+json\" class=\"yoast-schema-graph\">{\"@context\":\"https:\\\/\\\/schema.org\",\"@graph\":[{\"@type\":\"WebPage\",\"@id\":\"https:\\\/\\\/projetopurus.com.br\\\/o-projeto\\\/\",\"url\":\"https:\\\/\\\/projetopurus.com.br\\\/o-projeto\\\/\",\"name\":\"O Projeto - Projeto Purus\",\"isPartOf\":{\"@id\":\"https:\\\/\\\/projetopurus.com.br\\\/#website\"},\"primaryImageOfPage\":{\"@id\":\"https:\\\/\\\/projetopurus.com.br\\\/o-projeto\\\/#primaryimage\"},\"image\":{\"@id\":\"https:\\\/\\\/projetopurus.com.br\\\/o-projeto\\\/#primaryimage\"},\"thumbnailUrl\":\"https:\\\/\\\/projetopurus.com.br\\\/wp-content\\\/uploads\\\/2021\\\/07\\\/embargacoes-projetos-purus-02-1024x766.png\",\"datePublished\":\"2021-04-21T13:28:17+00:00\",\"dateModified\":\"2021-09-01T15:46:18+00:00\",\"breadcrumb\":{\"@id\":\"https:\\\/\\\/projetopurus.com.br\\\/o-projeto\\\/#breadcrumb\"},\"inLanguage\":\"en-US\",\"potentialAction\":[{\"@type\":\"ReadAction\",\"target\":[\"https:\\\/\\\/projetopurus.com.br\\\/o-projeto\\\/\"]}]},{\"@type\":\"ImageObject\",\"inLanguage\":\"en-US\",\"@id\":\"https:\\\/\\\/projetopurus.com.br\\\/o-projeto\\\/#primaryimage\",\"url\":\"https:\\\/\\\/projetopurus.com.br\\\/wp-content\\\/uploads\\\/2021\\\/07\\\/embargacoes-projetos-purus-02-1024x766.png\",\"contentUrl\":\"https:\\\/\\\/projetopurus.com.br\\\/wp-content\\\/uploads\\\/2021\\\/07\\\/embargacoes-projetos-purus-02-1024x766.png\"},{\"@type\":\"BreadcrumbList\",\"@id\":\"https:\\\/\\\/projetopurus.com.br\\\/o-projeto\\\/#breadcrumb\",\"itemListElement\":[{\"@type\":\"ListItem\",\"position\":1,\"name\":\"In\u00edcio\",\"item\":\"https:\\\/\\\/projetopurus.com.br\\\/\"},{\"@type\":\"ListItem\",\"position\":2,\"name\":\"O Projeto\"}]},{\"@type\":\"WebSite\",\"@id\":\"https:\\\/\\\/projetopurus.com.br\\\/#website\",\"url\":\"https:\\\/\\\/projetopurus.com.br\\\/\",\"name\":\"Projeto Purus\",\"description\":\"Projeto de Conserva\u00e7\u00e3o de Floresta Tropical no Acre-Brasil\",\"publisher\":{\"@id\":\"https:\\\/\\\/projetopurus.com.br\\\/#organization\"},\"potentialAction\":[{\"@type\":\"SearchAction\",\"target\":{\"@type\":\"EntryPoint\",\"urlTemplate\":\"https:\\\/\\\/projetopurus.com.br\\\/?s={search_term_string}\"},\"query-input\":{\"@type\":\"PropertyValueSpecification\",\"valueRequired\":true,\"valueName\":\"search_term_string\"}}],\"inLanguage\":\"en-US\"},{\"@type\":\"Organization\",\"@id\":\"https:\\\/\\\/projetopurus.com.br\\\/#organization\",\"name\":\"Projeto Purus\",\"url\":\"https:\\\/\\\/projetopurus.com.br\\\/\",\"logo\":{\"@type\":\"ImageObject\",\"inLanguage\":\"en-US\",\"@id\":\"https:\\\/\\\/projetopurus.com.br\\\/#\\\/schema\\\/logo\\\/image\\\/\",\"url\":\"https:\\\/\\\/projetopurus.com.br\\\/wp-content\\\/uploads\\\/2021\\\/02\\\/IMG-20210225-WA0033.jpg\",\"contentUrl\":\"https:\\\/\\\/projetopurus.com.br\\\/wp-content\\\/uploads\\\/2021\\\/02\\\/IMG-20210225-WA0033.jpg\",\"width\":252,\"height\":107,\"caption\":\"Projeto Purus\"},\"image\":{\"@id\":\"https:\\\/\\\/projetopurus.com.br\\\/#\\\/schema\\\/logo\\\/image\\\/\"}}]}<\/script>\n<!-- \/ Yoast SEO plugin. -->","yoast_head_json":{"title":"O Projeto - Projeto Purus","robots":{"index":"index","follow":"follow","max-snippet":"max-snippet:-1","max-image-preview":"max-image-preview:large","max-video-preview":"max-video-preview:-1"},"canonical":"https:\/\/projetopurus.com.br\/en\/o-projeto\/","og_locale":"en_US","og_type":"article","og_title":"O Projeto - Projeto Purus","og_description":"O Projeto Purus \u00e9 um projeto de conserva\u00e7\u00e3o de floresta tropical que busca o pagamento por servi\u00e7os ambientais, tamb\u00e9m conhecido como a Redu\u00e7\u00e3o de Emiss\u00f5es por Desmatamento e Degrada\u00e7\u00e3o (REDD+), em uma \u00e1rea de propriedade privada situada no Estado do Acre-Brasil, com 35.169 hectares (ou seja, aproximadamente 86.867 acres). O Projeto Purus foi validado com &hellip; O Projeto Read More &raquo;","og_url":"https:\/\/projetopurus.com.br\/en\/o-projeto\/","og_site_name":"Projeto Purus","article_modified_time":"2021-09-01T15:46:18+00:00","og_image":[{"url":"https:\/\/projetopurus.com.br\/wp-content\/uploads\/2021\/07\/embargacoes-projetos-purus-02-1024x766.png","type":"","width":"","height":""}],"twitter_card":"summary_large_image","twitter_misc":{"Est. reading time":"3 minutes"},"schema":{"@context":"https:\/\/schema.org","@graph":[{"@type":"WebPage","@id":"https:\/\/projetopurus.com.br\/o-projeto\/","url":"https:\/\/projetopurus.com.br\/o-projeto\/","name":"O Projeto - Projeto Purus","isPartOf":{"@id":"https:\/\/projetopurus.com.br\/#website"},"primaryImageOfPage":{"@id":"https:\/\/projetopurus.com.br\/o-projeto\/#primaryimage"},"image":{"@id":"https:\/\/projetopurus.com.br\/o-projeto\/#primaryimage"},"thumbnailUrl":"https:\/\/projetopurus.com.br\/wp-content\/uploads\/2021\/07\/embargacoes-projetos-purus-02-1024x766.png","datePublished":"2021-04-21T13:28:17+00:00","dateModified":"2021-09-01T15:46:18+00:00","breadcrumb":{"@id":"https:\/\/projetopurus.com.br\/o-projeto\/#breadcrumb"},"inLanguage":"en-US","potentialAction":[{"@type":"ReadAction","target":["https:\/\/projetopurus.com.br\/o-projeto\/"]}]},{"@type":"ImageObject","inLanguage":"en-US","@id":"https:\/\/projetopurus.com.br\/o-projeto\/#primaryimage","url":"https:\/\/projetopurus.com.br\/wp-content\/uploads\/2021\/07\/embargacoes-projetos-purus-02-1024x766.png","contentUrl":"https:\/\/projetopurus.com.br\/wp-content\/uploads\/2021\/07\/embargacoes-projetos-purus-02-1024x766.png"},{"@type":"BreadcrumbList","@id":"https:\/\/projetopurus.com.br\/o-projeto\/#breadcrumb","itemListElement":[{"@type":"ListItem","position":1,"name":"In\u00edcio","item":"https:\/\/projetopurus.com.br\/"},{"@type":"ListItem","position":2,"name":"O Projeto"}]},{"@type":"WebSite","@id":"https:\/\/projetopurus.com.br\/#website","url":"https:\/\/projetopurus.com.br\/","name":"Projeto Purus","description":"Projeto de Conserva\u00e7\u00e3o de Floresta Tropical no Acre-Brasil","publisher":{"@id":"https:\/\/projetopurus.com.br\/#organization"},"potentialAction":[{"@type":"SearchAction","target":{"@type":"EntryPoint","urlTemplate":"https:\/\/projetopurus.com.br\/?s={search_term_string}"},"query-input":{"@type":"PropertyValueSpecification","valueRequired":true,"valueName":"search_term_string"}}],"inLanguage":"en-US"},{"@type":"Organization","@id":"https:\/\/projetopurus.com.br\/#organization","name":"Projeto Purus","url":"https:\/\/projetopurus.com.br\/","logo":{"@type":"ImageObject","inLanguage":"en-US","@id":"https:\/\/projetopurus.com.br\/#\/schema\/logo\/image\/","url":"https:\/\/projetopurus.com.br\/wp-content\/uploads\/2021\/02\/IMG-20210225-WA0033.jpg","contentUrl":"https:\/\/projetopurus.com.br\/wp-content\/uploads\/2021\/02\/IMG-20210225-WA0033.jpg","width":252,"height":107,"caption":"Projeto Purus"},"image":{"@id":"https:\/\/projetopurus.com.br\/#\/schema\/logo\/image\/"}}]}},"_links":{"self":[{"href":"https:\/\/projetopurus.com.br\/en\/wp-json\/wp\/v2\/pages\/18","targetHints":{"allow":["GET"]}}],"collection":[{"href":"https:\/\/projetopurus.com.br\/en\/wp-json\/wp\/v2\/pages"}],"about":[{"href":"https:\/\/projetopurus.com.br\/en\/wp-json\/wp\/v2\/types\/page"}],"author":[{"embeddable":true,"href":"https:\/\/projetopurus.com.br\/en\/wp-json\/wp\/v2\/users\/1"}],"replies":[{"embeddable":true,"href":"https:\/\/projetopurus.com.br\/en\/wp-json\/wp\/v2\/comments?post=18"}],"version-history":[{"count":3,"href":"https:\/\/projetopurus.com.br\/en\/wp-json\/wp\/v2\/pages\/18\/revisions"}],"predecessor-version":[{"id":452,"href":"https:\/\/projetopurus.com.br\/en\/wp-json\/wp\/v2\/pages\/18\/revisions\/452"}],"wp:attachment":[{"href":"https:\/\/projetopurus.com.br\/en\/wp-json\/wp\/v2\/media?parent=18"}],"curies":[{"name":"wp","href":"https:\/\/api.w.org\/{rel}","templated":true}]}}