{"id":21,"date":"2021-04-21T12:44:52","date_gmt":"2021-04-21T15:44:52","guid":{"rendered":"https:\/\/projetopurus.com.br\/?page_id=21"},"modified":"2021-09-01T10:53:35","modified_gmt":"2021-09-01T15:53:35","slug":"creditos-de-carbono","status":"publish","type":"page","link":"https:\/\/projetopurus.com.br\/en\/creditos-de-carbono\/","title":{"rendered":"Carbon Credits"},"content":{"rendered":"<p>Each ton of CO2e (equivalent) not emitted or removed from the atmosphere by a developing country can be traded on the world market.<\/p>\n\n\n\n<p>From the 2000s onwards, a market came into play aimed at creating projects to reduce the emission of gases that accelerate the process of global warming.<\/p>\n\n\n\n<div class=\"wp-block-image\"><figure class=\"aligncenter size-full is-resized\"><img fetchpriority=\"high\" decoding=\"async\" src=\"https:\/\/projetopurus.com.br\/wp-content\/uploads\/2021\/04\/co2.png\" alt=\"\" class=\"wp-image-30\" width=\"600\" height=\"450\" srcset=\"https:\/\/projetopurus.com.br\/wp-content\/uploads\/2021\/04\/co2.png 800w, https:\/\/projetopurus.com.br\/wp-content\/uploads\/2021\/04\/co2-300x225.png 300w, https:\/\/projetopurus.com.br\/wp-content\/uploads\/2021\/04\/co2-768x576.png 768w\" sizes=\"(max-width: 600px) 100vw, 600px\" \/><\/figure><\/div>\n\n\n\n<p>This is the carbon credit market, which emerged from the Kyoto Protocol, an international agreement that established that developed countries should reduce, between 2008 and 2012, their greenhouse gas (GHG) emissions by 5.2% in average, compared to levels measured in 1990.<\/p>\n\n\n\n<p>O Protocolo de Quioto criou o Mecanismo de Desenvolvimento Limpo (MDL), que prev\u00ea a redu\u00e7\u00e3o certificada das emiss\u00f5es. Uma vez conquistada essa certifica\u00e7\u00e3o, quem promove a redu\u00e7\u00e3o da emiss\u00e3o de gases poluentes tem direito a cr\u00e9ditos de carbono e pode comercializ\u00e1-los com os pa\u00edses que t\u00eam metas a cumprir.<\/p>\n\n\n\n<p>During the Climate Conference (COP 17), held in 2011 in South Africa, the Kyoto targets were updated and expanded to 25% to 40% cuts in emissions in 2020 from 1990 levels for developed countries .<\/p>\n\n\n\n<p>Brazil occupies the third position in the world among the countries that participate in this market, with around 5% of the world total and 268 projects. The initial expectation was to absorb 20%. The mechanism encouraged the creation of new technologies to reduce polluting gas emissions in Brazil.<\/p>\n\n\n\n<p>Calculation<br>The reduction in Greenhouse Gas (GHG) emissions is measured in tons of carbon dioxide equivalent \u2013 t CO2e (equivalent). Each ton of CO2e reduced or removed from the atmosphere corresponds to a unit issued by the CDM Executive Board, called Certified Emission Reduction (CER).<\/p>\n\n\n\n<p>Each ton of CO2e is equivalent to 1 carbon credit. The idea of the CDM is that each ton of CO2 that is not emitted or removed from the atmosphere by a developing country can be traded on the world market through Certificates of Reduced Emissions (CER).<\/p>\n\n\n\n<p>Nations that are unable (or unwilling) to reduce their emissions will be able to buy CERs in developing countries and use them to meet their obligations.<\/p>","protected":false},"excerpt":{"rendered":"<p>Cada tonelada de CO2e (equivalente) n\u00e3o emitida ou retirada da atmosfera por um pa\u00eds em desenvolvimento pode ser negociada no mercado mundial. A partir dos anos 2000, entrou em cena um mercado voltado para a cria\u00e7\u00e3o de projetos de redu\u00e7\u00e3o da emiss\u00e3o dos gases que aceleram o processo de aquecimento do planeta. Trata-se do mercado &hellip;<\/p>\n<p class=\"read-more\"> <a class=\"\" href=\"https:\/\/projetopurus.com.br\/en\/creditos-de-carbono\/\"> <span class=\"screen-reader-text\">Carbon Credits<\/span> Read More &raquo;<\/a><\/p>","protected":false},"author":1,"featured_media":30,"parent":0,"menu_order":5,"comment_status":"closed","ping_status":"closed","template":"","meta":{"site-sidebar-layout":"default","site-content-layout":"default","ast-global-header-display":"","ast-main-header-display":"","ast-hfb-above-header-display":"","ast-hfb-below-header-display":"","ast-hfb-mobile-header-display":"","site-post-title":"","ast-breadcrumbs-content":"","ast-featured-img":"","footer-sml-layout":"","theme-transparent-header-meta":"default","adv-header-id-meta":"","stick-header-meta":"","header-above-stick-meta":"","header-main-stick-meta":"","header-below-stick-meta":"","footnotes":""},"class_list":["post-21","page","type-page","status-publish","has-post-thumbnail","hentry"],"yoast_head":"<!-- This site is optimized with the Yoast SEO plugin v27.5 - https:\/\/yoast.com\/product\/yoast-seo-wordpress\/ -->\n<title>Cr\u00e9ditos de Carbono - Projeto Purus<\/title>\n<meta name=\"robots\" content=\"index, follow, max-snippet:-1, max-image-preview:large, max-video-preview:-1\" \/>\n<link rel=\"canonical\" href=\"https:\/\/projetopurus.com.br\/en\/creditos-de-carbono\/\" \/>\n<meta property=\"og:locale\" content=\"en_US\" \/>\n<meta property=\"og:type\" content=\"article\" \/>\n<meta property=\"og:title\" content=\"Cr\u00e9ditos de Carbono - Projeto Purus\" \/>\n<meta property=\"og:description\" content=\"Cada tonelada de CO2e (equivalente) n\u00e3o emitida ou retirada da atmosfera por um pa\u00eds em desenvolvimento pode ser negociada no mercado mundial. A partir dos anos 2000, entrou em cena um mercado voltado para a cria\u00e7\u00e3o de projetos de redu\u00e7\u00e3o da emiss\u00e3o dos gases que aceleram o processo de aquecimento do planeta. Trata-se do mercado &hellip; Cr\u00e9ditos de Carbono Read More &raquo;\" \/>\n<meta property=\"og:url\" content=\"https:\/\/projetopurus.com.br\/en\/creditos-de-carbono\/\" \/>\n<meta property=\"og:site_name\" content=\"Projeto Purus\" \/>\n<meta property=\"article:modified_time\" content=\"2021-09-01T15:53:35+00:00\" \/>\n<meta property=\"og:image\" content=\"https:\/\/projetopurus.com.br\/wp-content\/uploads\/2021\/04\/co2.png\" \/>\n\t<meta property=\"og:image:width\" content=\"800\" \/>\n\t<meta property=\"og:image:height\" content=\"600\" \/>\n\t<meta property=\"og:image:type\" content=\"image\/png\" \/>\n<meta name=\"twitter:card\" content=\"summary_large_image\" \/>\n<meta name=\"twitter:label1\" content=\"Est. reading time\" \/>\n\t<meta name=\"twitter:data1\" content=\"2 minutes\" \/>\n<script type=\"application\/ld+json\" class=\"yoast-schema-graph\">{\"@context\":\"https:\\\/\\\/schema.org\",\"@graph\":[{\"@type\":\"WebPage\",\"@id\":\"https:\\\/\\\/projetopurus.com.br\\\/creditos-de-carbono\\\/\",\"url\":\"https:\\\/\\\/projetopurus.com.br\\\/creditos-de-carbono\\\/\",\"name\":\"Cr\u00e9ditos de Carbono - Projeto Purus\",\"isPartOf\":{\"@id\":\"https:\\\/\\\/projetopurus.com.br\\\/#website\"},\"primaryImageOfPage\":{\"@id\":\"https:\\\/\\\/projetopurus.com.br\\\/creditos-de-carbono\\\/#primaryimage\"},\"image\":{\"@id\":\"https:\\\/\\\/projetopurus.com.br\\\/creditos-de-carbono\\\/#primaryimage\"},\"thumbnailUrl\":\"https:\\\/\\\/projetopurus.com.br\\\/wp-content\\\/uploads\\\/2021\\\/04\\\/co2.png\",\"datePublished\":\"2021-04-21T15:44:52+00:00\",\"dateModified\":\"2021-09-01T15:53:35+00:00\",\"breadcrumb\":{\"@id\":\"https:\\\/\\\/projetopurus.com.br\\\/creditos-de-carbono\\\/#breadcrumb\"},\"inLanguage\":\"en-US\",\"potentialAction\":[{\"@type\":\"ReadAction\",\"target\":[\"https:\\\/\\\/projetopurus.com.br\\\/creditos-de-carbono\\\/\"]}]},{\"@type\":\"ImageObject\",\"inLanguage\":\"en-US\",\"@id\":\"https:\\\/\\\/projetopurus.com.br\\\/creditos-de-carbono\\\/#primaryimage\",\"url\":\"https:\\\/\\\/projetopurus.com.br\\\/wp-content\\\/uploads\\\/2021\\\/04\\\/co2.png\",\"contentUrl\":\"https:\\\/\\\/projetopurus.com.br\\\/wp-content\\\/uploads\\\/2021\\\/04\\\/co2.png\",\"width\":800,\"height\":600},{\"@type\":\"BreadcrumbList\",\"@id\":\"https:\\\/\\\/projetopurus.com.br\\\/creditos-de-carbono\\\/#breadcrumb\",\"itemListElement\":[{\"@type\":\"ListItem\",\"position\":1,\"name\":\"In\u00edcio\",\"item\":\"https:\\\/\\\/projetopurus.com.br\\\/\"},{\"@type\":\"ListItem\",\"position\":2,\"name\":\"Cr\u00e9ditos de Carbono\"}]},{\"@type\":\"WebSite\",\"@id\":\"https:\\\/\\\/projetopurus.com.br\\\/#website\",\"url\":\"https:\\\/\\\/projetopurus.com.br\\\/\",\"name\":\"Projeto Purus\",\"description\":\"Projeto de Conserva\u00e7\u00e3o de Floresta Tropical no Acre-Brasil\",\"publisher\":{\"@id\":\"https:\\\/\\\/projetopurus.com.br\\\/#organization\"},\"potentialAction\":[{\"@type\":\"SearchAction\",\"target\":{\"@type\":\"EntryPoint\",\"urlTemplate\":\"https:\\\/\\\/projetopurus.com.br\\\/?s={search_term_string}\"},\"query-input\":{\"@type\":\"PropertyValueSpecification\",\"valueRequired\":true,\"valueName\":\"search_term_string\"}}],\"inLanguage\":\"en-US\"},{\"@type\":\"Organization\",\"@id\":\"https:\\\/\\\/projetopurus.com.br\\\/#organization\",\"name\":\"Projeto Purus\",\"url\":\"https:\\\/\\\/projetopurus.com.br\\\/\",\"logo\":{\"@type\":\"ImageObject\",\"inLanguage\":\"en-US\",\"@id\":\"https:\\\/\\\/projetopurus.com.br\\\/#\\\/schema\\\/logo\\\/image\\\/\",\"url\":\"https:\\\/\\\/projetopurus.com.br\\\/wp-content\\\/uploads\\\/2021\\\/02\\\/IMG-20210225-WA0033.jpg\",\"contentUrl\":\"https:\\\/\\\/projetopurus.com.br\\\/wp-content\\\/uploads\\\/2021\\\/02\\\/IMG-20210225-WA0033.jpg\",\"width\":252,\"height\":107,\"caption\":\"Projeto Purus\"},\"image\":{\"@id\":\"https:\\\/\\\/projetopurus.com.br\\\/#\\\/schema\\\/logo\\\/image\\\/\"}}]}<\/script>\n<!-- \/ Yoast SEO plugin. -->","yoast_head_json":{"title":"Cr\u00e9ditos de Carbono - Projeto Purus","robots":{"index":"index","follow":"follow","max-snippet":"max-snippet:-1","max-image-preview":"max-image-preview:large","max-video-preview":"max-video-preview:-1"},"canonical":"https:\/\/projetopurus.com.br\/en\/creditos-de-carbono\/","og_locale":"en_US","og_type":"article","og_title":"Cr\u00e9ditos de Carbono - Projeto Purus","og_description":"Cada tonelada de CO2e (equivalente) n\u00e3o emitida ou retirada da atmosfera por um pa\u00eds em desenvolvimento pode ser negociada no mercado mundial. A partir dos anos 2000, entrou em cena um mercado voltado para a cria\u00e7\u00e3o de projetos de redu\u00e7\u00e3o da emiss\u00e3o dos gases que aceleram o processo de aquecimento do planeta. Trata-se do mercado &hellip; Cr\u00e9ditos de Carbono Read More &raquo;","og_url":"https:\/\/projetopurus.com.br\/en\/creditos-de-carbono\/","og_site_name":"Projeto Purus","article_modified_time":"2021-09-01T15:53:35+00:00","og_image":[{"width":800,"height":600,"url":"https:\/\/projetopurus.com.br\/wp-content\/uploads\/2021\/04\/co2.png","type":"image\/png"}],"twitter_card":"summary_large_image","twitter_misc":{"Est. reading time":"2 minutes"},"schema":{"@context":"https:\/\/schema.org","@graph":[{"@type":"WebPage","@id":"https:\/\/projetopurus.com.br\/creditos-de-carbono\/","url":"https:\/\/projetopurus.com.br\/creditos-de-carbono\/","name":"Cr\u00e9ditos de Carbono - Projeto Purus","isPartOf":{"@id":"https:\/\/projetopurus.com.br\/#website"},"primaryImageOfPage":{"@id":"https:\/\/projetopurus.com.br\/creditos-de-carbono\/#primaryimage"},"image":{"@id":"https:\/\/projetopurus.com.br\/creditos-de-carbono\/#primaryimage"},"thumbnailUrl":"https:\/\/projetopurus.com.br\/wp-content\/uploads\/2021\/04\/co2.png","datePublished":"2021-04-21T15:44:52+00:00","dateModified":"2021-09-01T15:53:35+00:00","breadcrumb":{"@id":"https:\/\/projetopurus.com.br\/creditos-de-carbono\/#breadcrumb"},"inLanguage":"en-US","potentialAction":[{"@type":"ReadAction","target":["https:\/\/projetopurus.com.br\/creditos-de-carbono\/"]}]},{"@type":"ImageObject","inLanguage":"en-US","@id":"https:\/\/projetopurus.com.br\/creditos-de-carbono\/#primaryimage","url":"https:\/\/projetopurus.com.br\/wp-content\/uploads\/2021\/04\/co2.png","contentUrl":"https:\/\/projetopurus.com.br\/wp-content\/uploads\/2021\/04\/co2.png","width":800,"height":600},{"@type":"BreadcrumbList","@id":"https:\/\/projetopurus.com.br\/creditos-de-carbono\/#breadcrumb","itemListElement":[{"@type":"ListItem","position":1,"name":"In\u00edcio","item":"https:\/\/projetopurus.com.br\/"},{"@type":"ListItem","position":2,"name":"Cr\u00e9ditos de Carbono"}]},{"@type":"WebSite","@id":"https:\/\/projetopurus.com.br\/#website","url":"https:\/\/projetopurus.com.br\/","name":"Projeto Purus","description":"Projeto de Conserva\u00e7\u00e3o de Floresta Tropical no Acre-Brasil","publisher":{"@id":"https:\/\/projetopurus.com.br\/#organization"},"potentialAction":[{"@type":"SearchAction","target":{"@type":"EntryPoint","urlTemplate":"https:\/\/projetopurus.com.br\/?s={search_term_string}"},"query-input":{"@type":"PropertyValueSpecification","valueRequired":true,"valueName":"search_term_string"}}],"inLanguage":"en-US"},{"@type":"Organization","@id":"https:\/\/projetopurus.com.br\/#organization","name":"Projeto Purus","url":"https:\/\/projetopurus.com.br\/","logo":{"@type":"ImageObject","inLanguage":"en-US","@id":"https:\/\/projetopurus.com.br\/#\/schema\/logo\/image\/","url":"https:\/\/projetopurus.com.br\/wp-content\/uploads\/2021\/02\/IMG-20210225-WA0033.jpg","contentUrl":"https:\/\/projetopurus.com.br\/wp-content\/uploads\/2021\/02\/IMG-20210225-WA0033.jpg","width":252,"height":107,"caption":"Projeto Purus"},"image":{"@id":"https:\/\/projetopurus.com.br\/#\/schema\/logo\/image\/"}}]}},"_links":{"self":[{"href":"https:\/\/projetopurus.com.br\/en\/wp-json\/wp\/v2\/pages\/21","targetHints":{"allow":["GET"]}}],"collection":[{"href":"https:\/\/projetopurus.com.br\/en\/wp-json\/wp\/v2\/pages"}],"about":[{"href":"https:\/\/projetopurus.com.br\/en\/wp-json\/wp\/v2\/types\/page"}],"author":[{"embeddable":true,"href":"https:\/\/projetopurus.com.br\/en\/wp-json\/wp\/v2\/users\/1"}],"replies":[{"embeddable":true,"href":"https:\/\/projetopurus.com.br\/en\/wp-json\/wp\/v2\/comments?post=21"}],"version-history":[{"count":2,"href":"https:\/\/projetopurus.com.br\/en\/wp-json\/wp\/v2\/pages\/21\/revisions"}],"predecessor-version":[{"id":457,"href":"https:\/\/projetopurus.com.br\/en\/wp-json\/wp\/v2\/pages\/21\/revisions\/457"}],"wp:featuredmedia":[{"embeddable":true,"href":"https:\/\/projetopurus.com.br\/en\/wp-json\/wp\/v2\/media\/30"}],"wp:attachment":[{"href":"https:\/\/projetopurus.com.br\/en\/wp-json\/wp\/v2\/media?parent=21"}],"curies":[{"name":"wp","href":"https:\/\/api.w.org\/{rel}","templated":true}]}}