{"id":25,"date":"2021-04-21T14:31:56","date_gmt":"2021-04-21T17:31:56","guid":{"rendered":"https:\/\/projetopurus.com.br\/?page_id=25"},"modified":"2021-06-21T20:25:12","modified_gmt":"2021-06-22T01:25:12","slug":"objetivos-e-metas","status":"publish","type":"page","link":"https:\/\/projetopurus.com.br\/en\/objetivos-e-metas\/","title":{"rendered":"Goals and objectives"},"content":{"rendered":"<p>Summary of Key Climate, Community and Biodiversity Project Objectives<\/p>\n\n\n\n<p>The overall objective of the Purus Project is to generate sustainable economic opportunities for local families\/communities and implement social projects, while working to mitigate deforestation (ie, which results in less greenhouse gas emissions) and preserve biodiversity at risk in the Project area.<\/p>\n\n\n\n<div class=\"wp-block-image\"><figure class=\"aligncenter size-large is-resized\"><img fetchpriority=\"high\" decoding=\"async\" src=\"https:\/\/projetopurus.com.br\/wp-content\/uploads\/2021\/04\/metas-pp.png\" alt=\"\" class=\"wp-image-26\" width=\"675\" height=\"503\" srcset=\"https:\/\/projetopurus.com.br\/wp-content\/uploads\/2021\/04\/metas-pp.png 900w, https:\/\/projetopurus.com.br\/wp-content\/uploads\/2021\/04\/metas-pp-300x223.png 300w, https:\/\/projetopurus.com.br\/wp-content\/uploads\/2021\/04\/metas-pp-768x572.png 768w\" sizes=\"(max-width: 675px) 100vw, 675px\" \/><figcaption>Model of relationships between the great Climate, Community and Biodiversity Objectives<\/figcaption><\/figure><\/div>\n\n\n\n<p>A partir da mitiga\u00e7\u00e3o do desmatamento, ser\u00e3o gerados pagamentos por servi\u00e7os ambientais, o que permitir\u00e1 a implementa\u00e7\u00e3o de projetos sociais locais e a cria\u00e7\u00e3o de oportunidades econ\u00f4micas para as comunidades. Da mesma forma, melhorando os meios de subsist\u00eancia locais e a cria\u00e7\u00e3o de oportunidades econ\u00f4micas alternativas, haver\u00e1&nbsp; menos press\u00e3o sobre as florestas e redu\u00e7\u00e3o do desmatamento. Melhorar os meios de subsist\u00eancia local e redu\u00e7\u00e3o do desmatamento s\u00e3o mecanismos fundamentais para&nbsp; preservar a biodiversidade do Projeto. Para atingir estes objetivos gerais, as seguintes atividades do Projeto clima, comunidade e biodiversidade foram identificadas pelos&nbsp; proponentes do Projeto Purus.<\/p>\n\n\n\n<p><strong>Main Objective of the Climate Project<\/strong><\/p>\n\n\n\n<p>To reduce deforestation and the amount of greenhouse gas (GHG) emissions, the project proponents have committed to carry out the following activities:<\/p>\n\n\n\n<div class=\"wp-block-media-text alignwide is-stacked-on-mobile\"><figure class=\"wp-block-media-text__media\"><img decoding=\"async\" width=\"800\" height=\"600\" src=\"https:\/\/projetopurus.com.br\/wp-content\/uploads\/2021\/04\/clima.png\" alt=\"\" class=\"wp-image-29 size-full\" srcset=\"https:\/\/projetopurus.com.br\/wp-content\/uploads\/2021\/04\/clima.png 800w, https:\/\/projetopurus.com.br\/wp-content\/uploads\/2021\/04\/clima-300x225.png 300w, https:\/\/projetopurus.com.br\/wp-content\/uploads\/2021\/04\/clima-768x576.png 768w\" sizes=\"(max-width: 800px) 100vw, 800px\" \/><\/figure><div class=\"wp-block-media-text__content\">\n<ul class=\"wp-block-list\" id=\"block-920b13f3-010e-4b28-b34b-c169e13a95fa\"><li>Forest Carbon Inventory<\/li><li>Regional Deforestation and Land Use Modeling<\/li><li>Identification of underlying deforestation sites to Mitigate GHG release<\/li><li>Develop Climate Monitoring Plan<\/li><li>Monitor deforestation<\/li><\/ul>\n<\/div><\/div>\n\n\n\n<p><strong>Main Objective of the Climate Project<\/strong><\/p>\n\n\n\n<p>In order to generate sustainable economic opportunities and implement social projects for the communities living in and around the Purus Project area, the Project Proponents have committed to begin planning the following activities:<\/p>\n\n\n\n<div class=\"wp-block-media-text alignwide is-stacked-on-mobile\"><figure class=\"wp-block-media-text__media\"><img decoding=\"async\" width=\"800\" height=\"600\" src=\"https:\/\/projetopurus.com.br\/wp-content\/uploads\/2021\/04\/comunidade.png\" alt=\"\" class=\"wp-image-32 size-full\" srcset=\"https:\/\/projetopurus.com.br\/wp-content\/uploads\/2021\/04\/comunidade.png 800w, https:\/\/projetopurus.com.br\/wp-content\/uploads\/2021\/04\/comunidade-300x225.png 300w, https:\/\/projetopurus.com.br\/wp-content\/uploads\/2021\/04\/comunidade-768x576.png 768w\" sizes=\"(max-width: 800px) 100vw, 800px\" \/><\/figure><div class=\"wp-block-media-text__content\">\n<ul class=\"wp-block-list\"><li>Meetings with the community to raise awareness and discuss the Project;<\/li><li>Development of social projects and programs for the community;<\/li><li>Development of social projects and programs for the community;<\/li><li>Develop Climate Monitoring Plan<\/li><li>Monitor impacts on the community.<\/li><\/ul>\n<\/div><\/div>\n\n\n\n<p><strong>Main Objective of the Climate Project<\/strong><\/p>\n\n\n\n<p>Para preservar a rica biodiversidade da \u00e1rea, os proponentes do projeto v\u00e3o gerar oportunidades econ\u00f4micas sustent\u00e1veis para as comunidades locais e implementar projetos sociais com o objetivo de abordar as causas&nbsp; subjacentes do desmatamento e redu\u00e7\u00e3o da libera\u00e7\u00e3o de GEEs. Al\u00e9m disso, os proponentes do projeto avaliar\u00e3o a biodiversidade local e desenvolver\u00e3o um plano de monitoramento desta biodiversidade o qual envolver\u00e1 as seguintes<br>atividades:<\/p>\n\n\n\n<div class=\"wp-block-media-text alignwide is-stacked-on-mobile\" style=\"grid-template-columns:51% auto\"><figure class=\"wp-block-media-text__media\"><img loading=\"lazy\" decoding=\"async\" width=\"300\" height=\"225\" src=\"https:\/\/projetopurus.com.br\/wp-content\/uploads\/2021\/04\/projeto-300x225.png\" alt=\"\" class=\"wp-image-31 size-medium\" srcset=\"https:\/\/projetopurus.com.br\/wp-content\/uploads\/2021\/04\/projeto-300x225.png 300w, https:\/\/projetopurus.com.br\/wp-content\/uploads\/2021\/04\/projeto-768x576.png 768w, https:\/\/projetopurus.com.br\/wp-content\/uploads\/2021\/04\/projeto.png 800w\" sizes=\"(max-width: 300px) 100vw, 300px\" \/><\/figure><div class=\"wp-block-media-text__content\">\n<ul class=\"wp-block-list\"><li>Quickly assess the biodiversity in the Project<\/li><li>Develop Climate Monitoring Plan<\/li><li>Monitor impacts on the community.<br>&nbsp;<\/li><\/ul>\n<\/div><\/div>\n\n\n\n<hr class=\"wp-block-separator\"\/>","protected":false},"excerpt":{"rendered":"<p>Resumo das Principais Clima, Comunidade e Biodiversidade Objetivos do Projeto O objetivo geral do Projeto Purus \u00e9 gerar oportunidades econ\u00f4micas sustent\u00e1veis para as fam\u00edlias\/comunidades locais e implementar projetos sociais, enquanto atua na mitiga\u00e7\u00e3o do desmatamento (ou seja, o que resulta em menos emiss\u00f5es de gases de efeito estufa) e preservar a risca a biodiversidade na &hellip;<\/p>\n<p class=\"read-more\"> <a class=\"\" href=\"https:\/\/projetopurus.com.br\/en\/objetivos-e-metas\/\"> <span class=\"screen-reader-text\">Goals and objectives<\/span> Read More &raquo;<\/a><\/p>","protected":false},"author":1,"featured_media":0,"parent":0,"menu_order":3,"comment_status":"closed","ping_status":"closed","template":"","meta":{"site-sidebar-layout":"right-sidebar","site-content-layout":"default","ast-global-header-display":"","ast-main-header-display":"","ast-hfb-above-header-display":"","ast-hfb-below-header-display":"","ast-hfb-mobile-header-display":"","site-post-title":"","ast-breadcrumbs-content":"","ast-featured-img":"","footer-sml-layout":"","theme-transparent-header-meta":"default","adv-header-id-meta":"","stick-header-meta":"","header-above-stick-meta":"","header-main-stick-meta":"","header-below-stick-meta":"","footnotes":""},"class_list":["post-25","page","type-page","status-publish","hentry"],"yoast_head":"<!-- This site is optimized with the Yoast SEO plugin v27.5 - https:\/\/yoast.com\/product\/yoast-seo-wordpress\/ -->\n<title>Objetivos e Metas - Projeto Purus<\/title>\n<meta name=\"robots\" content=\"index, follow, max-snippet:-1, max-image-preview:large, max-video-preview:-1\" \/>\n<link rel=\"canonical\" href=\"https:\/\/projetopurus.com.br\/en\/objetivos-e-metas\/\" \/>\n<meta property=\"og:locale\" content=\"en_US\" \/>\n<meta property=\"og:type\" content=\"article\" \/>\n<meta property=\"og:title\" content=\"Objetivos e Metas - Projeto Purus\" \/>\n<meta property=\"og:description\" content=\"Resumo das Principais Clima, Comunidade e Biodiversidade Objetivos do Projeto O objetivo geral do Projeto Purus \u00e9 gerar oportunidades econ\u00f4micas sustent\u00e1veis para as fam\u00edlias\/comunidades locais e implementar projetos sociais, enquanto atua na mitiga\u00e7\u00e3o do desmatamento (ou seja, o que resulta em menos emiss\u00f5es de gases de efeito estufa) e preservar a risca a biodiversidade na &hellip; Objetivos e Metas Read More &raquo;\" \/>\n<meta property=\"og:url\" content=\"https:\/\/projetopurus.com.br\/en\/objetivos-e-metas\/\" \/>\n<meta property=\"og:site_name\" content=\"Projeto Purus\" \/>\n<meta property=\"article:modified_time\" content=\"2021-06-22T01:25:12+00:00\" \/>\n<meta property=\"og:image\" content=\"https:\/\/projetopurus.com.br\/wp-content\/uploads\/2021\/04\/metas-pp.png\" \/>\n<meta name=\"twitter:card\" content=\"summary_large_image\" \/>\n<meta name=\"twitter:label1\" content=\"Est. reading time\" \/>\n\t<meta name=\"twitter:data1\" content=\"2 minutes\" \/>\n<script type=\"application\/ld+json\" class=\"yoast-schema-graph\">{\"@context\":\"https:\\\/\\\/schema.org\",\"@graph\":[{\"@type\":\"WebPage\",\"@id\":\"https:\\\/\\\/projetopurus.com.br\\\/objetivos-e-metas\\\/\",\"url\":\"https:\\\/\\\/projetopurus.com.br\\\/objetivos-e-metas\\\/\",\"name\":\"Objetivos e Metas - Projeto Purus\",\"isPartOf\":{\"@id\":\"https:\\\/\\\/projetopurus.com.br\\\/#website\"},\"primaryImageOfPage\":{\"@id\":\"https:\\\/\\\/projetopurus.com.br\\\/objetivos-e-metas\\\/#primaryimage\"},\"image\":{\"@id\":\"https:\\\/\\\/projetopurus.com.br\\\/objetivos-e-metas\\\/#primaryimage\"},\"thumbnailUrl\":\"https:\\\/\\\/projetopurus.com.br\\\/wp-content\\\/uploads\\\/2021\\\/04\\\/metas-pp.png\",\"datePublished\":\"2021-04-21T17:31:56+00:00\",\"dateModified\":\"2021-06-22T01:25:12+00:00\",\"breadcrumb\":{\"@id\":\"https:\\\/\\\/projetopurus.com.br\\\/objetivos-e-metas\\\/#breadcrumb\"},\"inLanguage\":\"en-US\",\"potentialAction\":[{\"@type\":\"ReadAction\",\"target\":[\"https:\\\/\\\/projetopurus.com.br\\\/objetivos-e-metas\\\/\"]}]},{\"@type\":\"ImageObject\",\"inLanguage\":\"en-US\",\"@id\":\"https:\\\/\\\/projetopurus.com.br\\\/objetivos-e-metas\\\/#primaryimage\",\"url\":\"https:\\\/\\\/projetopurus.com.br\\\/wp-content\\\/uploads\\\/2021\\\/04\\\/metas-pp.png\",\"contentUrl\":\"https:\\\/\\\/projetopurus.com.br\\\/wp-content\\\/uploads\\\/2021\\\/04\\\/metas-pp.png\"},{\"@type\":\"BreadcrumbList\",\"@id\":\"https:\\\/\\\/projetopurus.com.br\\\/objetivos-e-metas\\\/#breadcrumb\",\"itemListElement\":[{\"@type\":\"ListItem\",\"position\":1,\"name\":\"In\u00edcio\",\"item\":\"https:\\\/\\\/projetopurus.com.br\\\/\"},{\"@type\":\"ListItem\",\"position\":2,\"name\":\"Objetivos e Metas\"}]},{\"@type\":\"WebSite\",\"@id\":\"https:\\\/\\\/projetopurus.com.br\\\/#website\",\"url\":\"https:\\\/\\\/projetopurus.com.br\\\/\",\"name\":\"Projeto Purus\",\"description\":\"Projeto de Conserva\u00e7\u00e3o de Floresta Tropical no Acre-Brasil\",\"publisher\":{\"@id\":\"https:\\\/\\\/projetopurus.com.br\\\/#organization\"},\"potentialAction\":[{\"@type\":\"SearchAction\",\"target\":{\"@type\":\"EntryPoint\",\"urlTemplate\":\"https:\\\/\\\/projetopurus.com.br\\\/?s={search_term_string}\"},\"query-input\":{\"@type\":\"PropertyValueSpecification\",\"valueRequired\":true,\"valueName\":\"search_term_string\"}}],\"inLanguage\":\"en-US\"},{\"@type\":\"Organization\",\"@id\":\"https:\\\/\\\/projetopurus.com.br\\\/#organization\",\"name\":\"Projeto Purus\",\"url\":\"https:\\\/\\\/projetopurus.com.br\\\/\",\"logo\":{\"@type\":\"ImageObject\",\"inLanguage\":\"en-US\",\"@id\":\"https:\\\/\\\/projetopurus.com.br\\\/#\\\/schema\\\/logo\\\/image\\\/\",\"url\":\"https:\\\/\\\/projetopurus.com.br\\\/wp-content\\\/uploads\\\/2021\\\/02\\\/IMG-20210225-WA0033.jpg\",\"contentUrl\":\"https:\\\/\\\/projetopurus.com.br\\\/wp-content\\\/uploads\\\/2021\\\/02\\\/IMG-20210225-WA0033.jpg\",\"width\":252,\"height\":107,\"caption\":\"Projeto Purus\"},\"image\":{\"@id\":\"https:\\\/\\\/projetopurus.com.br\\\/#\\\/schema\\\/logo\\\/image\\\/\"}}]}<\/script>\n<!-- \/ Yoast SEO plugin. -->","yoast_head_json":{"title":"Objetivos e Metas - Projeto Purus","robots":{"index":"index","follow":"follow","max-snippet":"max-snippet:-1","max-image-preview":"max-image-preview:large","max-video-preview":"max-video-preview:-1"},"canonical":"https:\/\/projetopurus.com.br\/en\/objetivos-e-metas\/","og_locale":"en_US","og_type":"article","og_title":"Objetivos e Metas - Projeto Purus","og_description":"Resumo das Principais Clima, Comunidade e Biodiversidade Objetivos do Projeto O objetivo geral do Projeto Purus \u00e9 gerar oportunidades econ\u00f4micas sustent\u00e1veis para as fam\u00edlias\/comunidades locais e implementar projetos sociais, enquanto atua na mitiga\u00e7\u00e3o do desmatamento (ou seja, o que resulta em menos emiss\u00f5es de gases de efeito estufa) e preservar a risca a biodiversidade na &hellip; Objetivos e Metas Read More &raquo;","og_url":"https:\/\/projetopurus.com.br\/en\/objetivos-e-metas\/","og_site_name":"Projeto Purus","article_modified_time":"2021-06-22T01:25:12+00:00","og_image":[{"url":"https:\/\/projetopurus.com.br\/wp-content\/uploads\/2021\/04\/metas-pp.png","type":"","width":"","height":""}],"twitter_card":"summary_large_image","twitter_misc":{"Est. reading time":"2 minutes"},"schema":{"@context":"https:\/\/schema.org","@graph":[{"@type":"WebPage","@id":"https:\/\/projetopurus.com.br\/objetivos-e-metas\/","url":"https:\/\/projetopurus.com.br\/objetivos-e-metas\/","name":"Objetivos e Metas - Projeto Purus","isPartOf":{"@id":"https:\/\/projetopurus.com.br\/#website"},"primaryImageOfPage":{"@id":"https:\/\/projetopurus.com.br\/objetivos-e-metas\/#primaryimage"},"image":{"@id":"https:\/\/projetopurus.com.br\/objetivos-e-metas\/#primaryimage"},"thumbnailUrl":"https:\/\/projetopurus.com.br\/wp-content\/uploads\/2021\/04\/metas-pp.png","datePublished":"2021-04-21T17:31:56+00:00","dateModified":"2021-06-22T01:25:12+00:00","breadcrumb":{"@id":"https:\/\/projetopurus.com.br\/objetivos-e-metas\/#breadcrumb"},"inLanguage":"en-US","potentialAction":[{"@type":"ReadAction","target":["https:\/\/projetopurus.com.br\/objetivos-e-metas\/"]}]},{"@type":"ImageObject","inLanguage":"en-US","@id":"https:\/\/projetopurus.com.br\/objetivos-e-metas\/#primaryimage","url":"https:\/\/projetopurus.com.br\/wp-content\/uploads\/2021\/04\/metas-pp.png","contentUrl":"https:\/\/projetopurus.com.br\/wp-content\/uploads\/2021\/04\/metas-pp.png"},{"@type":"BreadcrumbList","@id":"https:\/\/projetopurus.com.br\/objetivos-e-metas\/#breadcrumb","itemListElement":[{"@type":"ListItem","position":1,"name":"In\u00edcio","item":"https:\/\/projetopurus.com.br\/"},{"@type":"ListItem","position":2,"name":"Objetivos e Metas"}]},{"@type":"WebSite","@id":"https:\/\/projetopurus.com.br\/#website","url":"https:\/\/projetopurus.com.br\/","name":"Projeto Purus","description":"Projeto de Conserva\u00e7\u00e3o de Floresta Tropical no Acre-Brasil","publisher":{"@id":"https:\/\/projetopurus.com.br\/#organization"},"potentialAction":[{"@type":"SearchAction","target":{"@type":"EntryPoint","urlTemplate":"https:\/\/projetopurus.com.br\/?s={search_term_string}"},"query-input":{"@type":"PropertyValueSpecification","valueRequired":true,"valueName":"search_term_string"}}],"inLanguage":"en-US"},{"@type":"Organization","@id":"https:\/\/projetopurus.com.br\/#organization","name":"Projeto Purus","url":"https:\/\/projetopurus.com.br\/","logo":{"@type":"ImageObject","inLanguage":"en-US","@id":"https:\/\/projetopurus.com.br\/#\/schema\/logo\/image\/","url":"https:\/\/projetopurus.com.br\/wp-content\/uploads\/2021\/02\/IMG-20210225-WA0033.jpg","contentUrl":"https:\/\/projetopurus.com.br\/wp-content\/uploads\/2021\/02\/IMG-20210225-WA0033.jpg","width":252,"height":107,"caption":"Projeto Purus"},"image":{"@id":"https:\/\/projetopurus.com.br\/#\/schema\/logo\/image\/"}}]}},"_links":{"self":[{"href":"https:\/\/projetopurus.com.br\/en\/wp-json\/wp\/v2\/pages\/25","targetHints":{"allow":["GET"]}}],"collection":[{"href":"https:\/\/projetopurus.com.br\/en\/wp-json\/wp\/v2\/pages"}],"about":[{"href":"https:\/\/projetopurus.com.br\/en\/wp-json\/wp\/v2\/types\/page"}],"author":[{"embeddable":true,"href":"https:\/\/projetopurus.com.br\/en\/wp-json\/wp\/v2\/users\/1"}],"replies":[{"embeddable":true,"href":"https:\/\/projetopurus.com.br\/en\/wp-json\/wp\/v2\/comments?post=25"}],"version-history":[{"count":5,"href":"https:\/\/projetopurus.com.br\/en\/wp-json\/wp\/v2\/pages\/25\/revisions"}],"predecessor-version":[{"id":91,"href":"https:\/\/projetopurus.com.br\/en\/wp-json\/wp\/v2\/pages\/25\/revisions\/91"}],"wp:attachment":[{"href":"https:\/\/projetopurus.com.br\/en\/wp-json\/wp\/v2\/media?parent=25"}],"curies":[{"name":"wp","href":"https:\/\/api.w.org\/{rel}","templated":true}]}}