{"id":42,"date":"2021-04-21T19:52:32","date_gmt":"2021-04-21T22:52:32","guid":{"rendered":"https:\/\/projetopurus.com.br\/?page_id=42"},"modified":"2021-09-01T16:17:15","modified_gmt":"2021-09-01T21:17:15","slug":"noticias","status":"publish","type":"page","link":"https:\/\/projetopurus.com.br\/en\/noticias\/","title":{"rendered":"News"},"content":{"rendered":"\t\t<div data-elementor-type=\"wp-page\" data-elementor-id=\"42\" class=\"elementor elementor-42\" data-elementor-post-type=\"page\">\n\t\t\t\t\t\t<section class=\"elementor-section elementor-top-section elementor-element elementor-element-5c1e945 elementor-section-boxed elementor-section-height-default elementor-section-height-default\" data-id=\"5c1e945\" data-element_type=\"section\" data-e-type=\"section\" data-settings=\"{&quot;jet_parallax_layout_list&quot;:[{&quot;jet_parallax_layout_image&quot;:{&quot;url&quot;:&quot;&quot;,&quot;id&quot;:&quot;&quot;,&quot;size&quot;:&quot;&quot;},&quot;_id&quot;:&quot;b45db6b&quot;,&quot;jet_parallax_layout_image_tablet&quot;:{&quot;url&quot;:&quot;&quot;,&quot;id&quot;:&quot;&quot;,&quot;size&quot;:&quot;&quot;},&quot;jet_parallax_layout_image_mobile&quot;:{&quot;url&quot;:&quot;&quot;,&quot;id&quot;:&quot;&quot;,&quot;size&quot;:&quot;&quot;},&quot;jet_parallax_layout_speed&quot;:{&quot;unit&quot;:&quot;%&quot;,&quot;size&quot;:50,&quot;sizes&quot;:[]},&quot;jet_parallax_layout_type&quot;:&quot;scroll&quot;,&quot;jet_parallax_layout_direction&quot;:&quot;1&quot;,&quot;jet_parallax_layout_fx_direction&quot;:null,&quot;jet_parallax_layout_z_index&quot;:&quot;&quot;,&quot;jet_parallax_layout_bg_x&quot;:50,&quot;jet_parallax_layout_bg_x_tablet&quot;:&quot;&quot;,&quot;jet_parallax_layout_bg_x_mobile&quot;:&quot;&quot;,&quot;jet_parallax_layout_bg_y&quot;:50,&quot;jet_parallax_layout_bg_y_tablet&quot;:&quot;&quot;,&quot;jet_parallax_layout_bg_y_mobile&quot;:&quot;&quot;,&quot;jet_parallax_layout_bg_size&quot;:&quot;auto&quot;,&quot;jet_parallax_layout_bg_size_tablet&quot;:&quot;&quot;,&quot;jet_parallax_layout_bg_size_mobile&quot;:&quot;&quot;,&quot;jet_parallax_layout_animation_prop&quot;:&quot;transform&quot;,&quot;jet_parallax_layout_on&quot;:[&quot;desktop&quot;,&quot;tablet&quot;]}]}\">\n\t\t\t\t\t\t<div class=\"elementor-container elementor-column-gap-default\">\n\t\t\t\t\t<div class=\"elementor-column elementor-col-100 elementor-top-column elementor-element elementor-element-26e5ff9\" data-id=\"26e5ff9\" data-element_type=\"column\" data-e-type=\"column\">\n\t\t\t<div class=\"elementor-widget-wrap elementor-element-populated\">\n\t\t\t\t\t\t<div class=\"elementor-element elementor-element-0cfda57 elementor-grid-2 elementor-grid-tablet-2 elementor-grid-mobile-1 elementor-posts--thumbnail-top elementor-widget elementor-widget-posts\" data-id=\"0cfda57\" data-element_type=\"widget\" data-e-type=\"widget\" data-settings=\"{&quot;classic_columns&quot;:&quot;2&quot;,&quot;classic_columns_tablet&quot;:&quot;2&quot;,&quot;classic_columns_mobile&quot;:&quot;1&quot;,&quot;classic_row_gap&quot;:{&quot;unit&quot;:&quot;px&quot;,&quot;size&quot;:35,&quot;sizes&quot;:[]},&quot;classic_row_gap_tablet&quot;:{&quot;unit&quot;:&quot;px&quot;,&quot;size&quot;:&quot;&quot;,&quot;sizes&quot;:[]},&quot;classic_row_gap_mobile&quot;:{&quot;unit&quot;:&quot;px&quot;,&quot;size&quot;:&quot;&quot;,&quot;sizes&quot;:[]}}\" data-widget_type=\"posts.classic\">\n\t\t\t\t<div class=\"elementor-widget-container\">\n\t\t\t\t\t\t\t<div class=\"elementor-posts-container elementor-posts elementor-posts--skin-classic elementor-grid\">\n\t\t\t\t<article class=\"elementor-post elementor-grid-item post-534 post type-post status-publish format-standard has-post-thumbnail hentry category-noticias\">\n\t\t\t\t<a class=\"elementor-post__thumbnail__link\" href=\"https:\/\/projetopurus.com.br\/en\/2021\/10\/31\/qual-o-impacto-da-cop26-na-amazonia\/\" tabindex=\"-1\" >\n\t\t\t<div class=\"elementor-post__thumbnail\"><img fetchpriority=\"high\" decoding=\"async\" width=\"300\" height=\"225\" src=\"https:\/\/projetopurus.com.br\/wp-content\/uploads\/2021\/04\/projeto-300x225.png\" class=\"attachment-medium size-medium wp-image-31\" alt=\"\" srcset=\"https:\/\/projetopurus.com.br\/wp-content\/uploads\/2021\/04\/projeto-300x225.png 300w, https:\/\/projetopurus.com.br\/wp-content\/uploads\/2021\/04\/projeto-768x576.png 768w, https:\/\/projetopurus.com.br\/wp-content\/uploads\/2021\/04\/projeto.png 800w\" sizes=\"(max-width: 300px) 100vw, 300px\" \/><\/div>\n\t\t<\/a>\n\t\t\t\t<div class=\"elementor-post__text\">\n\t\t\t\t<h3 class=\"elementor-post__title\">\n\t\t\t<a href=\"https:\/\/projetopurus.com.br\/en\/2021\/10\/31\/qual-o-impacto-da-cop26-na-amazonia\/\" >\n\t\t\t\tQual o impacto da COP26 na Amaz\u00f4nia\t\t\t<\/a>\n\t\t<\/h3>\n\t\t\t\t<div class=\"elementor-post__meta-data\">\n\t\t\t\t\t<span class=\"elementor-post-date\">\n\t\t\t31 de October de 2021\t\t<\/span>\n\t\t\t\t<\/div>\n\t\t\t\t<div class=\"elementor-post__excerpt\">\n\t\t\t<p>A regulamenta\u00e7\u00e3o de um mercado global de carbono \u00e9 uma oportunidade para fomentar o setor de pagamento por servi\u00e7os ambientais. Mas, \u00e9 preciso mostrar que o Brasil quer proteger a<\/p>\n\t\t<\/div>\n\t\t\n\t\t<a class=\"elementor-post__read-more\" href=\"https:\/\/projetopurus.com.br\/en\/2021\/10\/31\/qual-o-impacto-da-cop26-na-amazonia\/\" aria-label=\"Read more about Qual o impacto da COP26 na Amaz\u00f4nia\" tabindex=\"-1\" >\n\t\t\tLeia mais \u00bb\t\t<\/a>\n\n\t\t\t\t<\/div>\n\t\t\t\t<\/article>\n\t\t\t\t<article class=\"elementor-post elementor-grid-item post-331 post type-post status-publish format-standard has-post-thumbnail hentry category-fotos\">\n\t\t\t\t<a class=\"elementor-post__thumbnail__link\" href=\"https:\/\/projetopurus.com.br\/en\/2021\/07\/09\/devastacao-area-local\/\" tabindex=\"-1\" >\n\t\t\t<div class=\"elementor-post__thumbnail\"><img decoding=\"async\" width=\"300\" height=\"226\" src=\"https:\/\/projetopurus.com.br\/wp-content\/uploads\/2021\/07\/devastacao-local-01-300x226.png\" class=\"attachment-medium size-medium wp-image-332\" alt=\"\" srcset=\"https:\/\/projetopurus.com.br\/wp-content\/uploads\/2021\/07\/devastacao-local-01-300x226.png 300w, https:\/\/projetopurus.com.br\/wp-content\/uploads\/2021\/07\/devastacao-local-01-1024x770.png 1024w, https:\/\/projetopurus.com.br\/wp-content\/uploads\/2021\/07\/devastacao-local-01-768x578.png 768w, https:\/\/projetopurus.com.br\/wp-content\/uploads\/2021\/07\/devastacao-local-01-16x12.png 16w, https:\/\/projetopurus.com.br\/wp-content\/uploads\/2021\/07\/devastacao-local-01.png 1183w\" sizes=\"(max-width: 300px) 100vw, 300px\" \/><\/div>\n\t\t<\/a>\n\t\t\t\t<div class=\"elementor-post__text\">\n\t\t\t\t<h3 class=\"elementor-post__title\">\n\t\t\t<a href=\"https:\/\/projetopurus.com.br\/en\/2021\/07\/09\/devastacao-area-local\/\" >\n\t\t\t\tDevasta\u00e7\u00e3o \u00c1rea Local\t\t\t<\/a>\n\t\t<\/h3>\n\t\t\t\t<div class=\"elementor-post__meta-data\">\n\t\t\t\t\t<span class=\"elementor-post-date\">\n\t\t\t9 de July de 2021\t\t<\/span>\n\t\t\t\t<\/div>\n\t\t\t\t<div class=\"elementor-post__excerpt\">\n\t\t\t\t\t<\/div>\n\t\t\n\t\t<a class=\"elementor-post__read-more\" href=\"https:\/\/projetopurus.com.br\/en\/2021\/07\/09\/devastacao-area-local\/\" aria-label=\"Read more about Devasta\u00e7\u00e3o \u00c1rea Local\" tabindex=\"-1\" >\n\t\t\tLeia mais \u00bb\t\t<\/a>\n\n\t\t\t\t<\/div>\n\t\t\t\t<\/article>\n\t\t\t\t<article class=\"elementor-post elementor-grid-item post-325 post type-post status-publish format-standard has-post-thumbnail hentry category-fotos\">\n\t\t\t\t<a class=\"elementor-post__thumbnail__link\" href=\"https:\/\/projetopurus.com.br\/en\/2021\/07\/09\/criacao-de-pequenos-animais\/\" tabindex=\"-1\" >\n\t\t\t<div class=\"elementor-post__thumbnail\"><img decoding=\"async\" width=\"300\" height=\"225\" src=\"https:\/\/projetopurus.com.br\/wp-content\/uploads\/2021\/07\/criacao-peq-animais-02-300x225.jpg\" class=\"attachment-medium size-medium wp-image-327\" alt=\"\" srcset=\"https:\/\/projetopurus.com.br\/wp-content\/uploads\/2021\/07\/criacao-peq-animais-02-300x225.jpg 300w, https:\/\/projetopurus.com.br\/wp-content\/uploads\/2021\/07\/criacao-peq-animais-02-1024x768.jpg 1024w, https:\/\/projetopurus.com.br\/wp-content\/uploads\/2021\/07\/criacao-peq-animais-02-768x576.jpg 768w, https:\/\/projetopurus.com.br\/wp-content\/uploads\/2021\/07\/criacao-peq-animais-02-1536x1152.jpg 1536w, https:\/\/projetopurus.com.br\/wp-content\/uploads\/2021\/07\/criacao-peq-animais-02-2048x1536.jpg 2048w, https:\/\/projetopurus.com.br\/wp-content\/uploads\/2021\/07\/criacao-peq-animais-02-16x12.jpg 16w\" sizes=\"(max-width: 300px) 100vw, 300px\" \/><\/div>\n\t\t<\/a>\n\t\t\t\t<div class=\"elementor-post__text\">\n\t\t\t\t<h3 class=\"elementor-post__title\">\n\t\t\t<a href=\"https:\/\/projetopurus.com.br\/en\/2021\/07\/09\/criacao-de-pequenos-animais\/\" >\n\t\t\t\tCria\u00e7\u00e3o de Pequenos Animais\t\t\t<\/a>\n\t\t<\/h3>\n\t\t\t\t<div class=\"elementor-post__meta-data\">\n\t\t\t\t\t<span class=\"elementor-post-date\">\n\t\t\t9 de July de 2021\t\t<\/span>\n\t\t\t\t<\/div>\n\t\t\t\t<div class=\"elementor-post__excerpt\">\n\t\t\t\t\t<\/div>\n\t\t\n\t\t<a class=\"elementor-post__read-more\" href=\"https:\/\/projetopurus.com.br\/en\/2021\/07\/09\/criacao-de-pequenos-animais\/\" aria-label=\"Read more about Cria\u00e7\u00e3o de Pequenos Animais\" tabindex=\"-1\" >\n\t\t\tLeia mais \u00bb\t\t<\/a>\n\n\t\t\t\t<\/div>\n\t\t\t\t<\/article>\n\t\t\t\t<article class=\"elementor-post elementor-grid-item post-287 post type-post status-publish format-standard has-post-thumbnail hentry category-fotos\">\n\t\t\t\t<a class=\"elementor-post__thumbnail__link\" href=\"https:\/\/projetopurus.com.br\/en\/2021\/07\/09\/centro-socio-cultural\/\" tabindex=\"-1\" >\n\t\t\t<div class=\"elementor-post__thumbnail\"><img loading=\"lazy\" decoding=\"async\" width=\"300\" height=\"224\" src=\"https:\/\/projetopurus.com.br\/wp-content\/uploads\/2021\/07\/centro-socio-cultutral-29-300x224.png\" class=\"attachment-medium size-medium wp-image-318\" alt=\"\" srcset=\"https:\/\/projetopurus.com.br\/wp-content\/uploads\/2021\/07\/centro-socio-cultutral-29-300x224.png 300w, https:\/\/projetopurus.com.br\/wp-content\/uploads\/2021\/07\/centro-socio-cultutral-29-1024x765.png 1024w, https:\/\/projetopurus.com.br\/wp-content\/uploads\/2021\/07\/centro-socio-cultutral-29-768x574.png 768w, https:\/\/projetopurus.com.br\/wp-content\/uploads\/2021\/07\/centro-socio-cultutral-29-16x12.png 16w, https:\/\/projetopurus.com.br\/wp-content\/uploads\/2021\/07\/centro-socio-cultutral-29.png 1187w\" sizes=\"(max-width: 300px) 100vw, 300px\" \/><\/div>\n\t\t<\/a>\n\t\t\t\t<div class=\"elementor-post__text\">\n\t\t\t\t<h3 class=\"elementor-post__title\">\n\t\t\t<a href=\"https:\/\/projetopurus.com.br\/en\/2021\/07\/09\/centro-socio-cultural\/\" >\n\t\t\t\tCentro S\u00f3cio-cultural\t\t\t<\/a>\n\t\t<\/h3>\n\t\t\t\t<div class=\"elementor-post__meta-data\">\n\t\t\t\t\t<span class=\"elementor-post-date\">\n\t\t\t9 de July de 2021\t\t<\/span>\n\t\t\t\t<\/div>\n\t\t\t\t<div class=\"elementor-post__excerpt\">\n\t\t\t\t\t<\/div>\n\t\t\n\t\t<a class=\"elementor-post__read-more\" href=\"https:\/\/projetopurus.com.br\/en\/2021\/07\/09\/centro-socio-cultural\/\" aria-label=\"Read more about Centro S\u00f3cio-cultural\" tabindex=\"-1\" >\n\t\t\tLeia mais \u00bb\t\t<\/a>\n\n\t\t\t\t<\/div>\n\t\t\t\t<\/article>\n\t\t\t\t<article class=\"elementor-post elementor-grid-item post-278 post type-post status-publish format-standard has-post-thumbnail hentry category-fotos\">\n\t\t\t\t<a class=\"elementor-post__thumbnail__link\" href=\"https:\/\/projetopurus.com.br\/en\/2021\/07\/09\/cemiterio\/\" tabindex=\"-1\" >\n\t\t\t<div class=\"elementor-post__thumbnail\"><img loading=\"lazy\" decoding=\"async\" width=\"300\" height=\"225\" src=\"https:\/\/projetopurus.com.br\/wp-content\/uploads\/2021\/07\/cemiterio-01-300x225.jpg\" class=\"attachment-medium size-medium wp-image-279\" alt=\"\" srcset=\"https:\/\/projetopurus.com.br\/wp-content\/uploads\/2021\/07\/cemiterio-01-300x225.jpg 300w, https:\/\/projetopurus.com.br\/wp-content\/uploads\/2021\/07\/cemiterio-01-1024x768.jpg 1024w, https:\/\/projetopurus.com.br\/wp-content\/uploads\/2021\/07\/cemiterio-01-768x576.jpg 768w, https:\/\/projetopurus.com.br\/wp-content\/uploads\/2021\/07\/cemiterio-01-1536x1152.jpg 1536w, https:\/\/projetopurus.com.br\/wp-content\/uploads\/2021\/07\/cemiterio-01-2048x1536.jpg 2048w, https:\/\/projetopurus.com.br\/wp-content\/uploads\/2021\/07\/cemiterio-01-16x12.jpg 16w\" sizes=\"(max-width: 300px) 100vw, 300px\" \/><\/div>\n\t\t<\/a>\n\t\t\t\t<div class=\"elementor-post__text\">\n\t\t\t\t<h3 class=\"elementor-post__title\">\n\t\t\t<a href=\"https:\/\/projetopurus.com.br\/en\/2021\/07\/09\/cemiterio\/\" >\n\t\t\t\tCemit\u00e9rio\t\t\t<\/a>\n\t\t<\/h3>\n\t\t\t\t<div class=\"elementor-post__meta-data\">\n\t\t\t\t\t<span class=\"elementor-post-date\">\n\t\t\t9 de July de 2021\t\t<\/span>\n\t\t\t\t<\/div>\n\t\t\t\t<div class=\"elementor-post__excerpt\">\n\t\t\t\t\t<\/div>\n\t\t\n\t\t<a class=\"elementor-post__read-more\" href=\"https:\/\/projetopurus.com.br\/en\/2021\/07\/09\/cemiterio\/\" aria-label=\"Read more about Cemit\u00e9rio\" tabindex=\"-1\" >\n\t\t\tLeia mais \u00bb\t\t<\/a>\n\n\t\t\t\t<\/div>\n\t\t\t\t<\/article>\n\t\t\t\t<article class=\"elementor-post elementor-grid-item post-270 post type-post status-publish format-standard has-post-thumbnail hentry category-fotos tag-avanco-das-derrubadas tag-fotos-do-projeto\">\n\t\t\t\t<a class=\"elementor-post__thumbnail__link\" href=\"https:\/\/projetopurus.com.br\/en\/2021\/07\/09\/avanco-das-derrubadas\/\" tabindex=\"-1\" >\n\t\t\t<div class=\"elementor-post__thumbnail\"><img loading=\"lazy\" decoding=\"async\" width=\"300\" height=\"225\" src=\"https:\/\/projetopurus.com.br\/wp-content\/uploads\/2021\/07\/avanco-derrubadas-03-300x225.jpg\" class=\"attachment-medium size-medium wp-image-273\" alt=\"\" srcset=\"https:\/\/projetopurus.com.br\/wp-content\/uploads\/2021\/07\/avanco-derrubadas-03-300x225.jpg 300w, https:\/\/projetopurus.com.br\/wp-content\/uploads\/2021\/07\/avanco-derrubadas-03-1024x768.jpg 1024w, https:\/\/projetopurus.com.br\/wp-content\/uploads\/2021\/07\/avanco-derrubadas-03-768x576.jpg 768w, https:\/\/projetopurus.com.br\/wp-content\/uploads\/2021\/07\/avanco-derrubadas-03-1536x1152.jpg 1536w, https:\/\/projetopurus.com.br\/wp-content\/uploads\/2021\/07\/avanco-derrubadas-03-2048x1536.jpg 2048w, https:\/\/projetopurus.com.br\/wp-content\/uploads\/2021\/07\/avanco-derrubadas-03-16x12.jpg 16w\" sizes=\"(max-width: 300px) 100vw, 300px\" \/><\/div>\n\t\t<\/a>\n\t\t\t\t<div class=\"elementor-post__text\">\n\t\t\t\t<h3 class=\"elementor-post__title\">\n\t\t\t<a href=\"https:\/\/projetopurus.com.br\/en\/2021\/07\/09\/avanco-das-derrubadas\/\" >\n\t\t\t\tAvan\u00e7o das Derrubadas\t\t\t<\/a>\n\t\t<\/h3>\n\t\t\t\t<div class=\"elementor-post__meta-data\">\n\t\t\t\t\t<span class=\"elementor-post-date\">\n\t\t\t9 de July de 2021\t\t<\/span>\n\t\t\t\t<\/div>\n\t\t\t\t<div class=\"elementor-post__excerpt\">\n\t\t\t\t\t<\/div>\n\t\t\n\t\t<a class=\"elementor-post__read-more\" href=\"https:\/\/projetopurus.com.br\/en\/2021\/07\/09\/avanco-das-derrubadas\/\" aria-label=\"Read more about Avan\u00e7o das Derrubadas\" tabindex=\"-1\" >\n\t\t\tLeia mais \u00bb\t\t<\/a>\n\n\t\t\t\t<\/div>\n\t\t\t\t<\/article>\n\t\t\t\t<\/div>\n\t\t\n\t\t\t\t\t\t<\/div>\n\t\t\t\t<\/div>\n\t\t\t\t\t<\/div>\n\t\t<\/div>\n\t\t\t\t\t<\/div>\n\t\t<\/section>\n\t\t\t\t<\/div>\n\t\t","protected":false},"excerpt":{"rendered":"","protected":false},"author":1,"featured_media":0,"parent":0,"menu_order":6,"comment_status":"closed","ping_status":"closed","template":"","meta":{"site-sidebar-layout":"no-sidebar","site-content-layout":"page-builder","ast-global-header-display":"","ast-main-header-display":"","ast-hfb-above-header-display":"","ast-hfb-below-header-display":"","ast-hfb-mobile-header-display":"","site-post-title":"disabled","ast-breadcrumbs-content":"","ast-featured-img":"disabled","footer-sml-layout":"","theme-transparent-header-meta":"default","adv-header-id-meta":"","stick-header-meta":"","header-above-stick-meta":"","header-main-stick-meta":"","header-below-stick-meta":"","footnotes":""},"class_list":["post-42","page","type-page","status-publish","hentry"],"yoast_head":"<!-- This site is optimized with the Yoast SEO plugin v27.4 - https:\/\/yoast.com\/product\/yoast-seo-wordpress\/ -->\n<title>Not\u00edcias - Projeto Purus<\/title>\n<meta name=\"robots\" content=\"index, follow, max-snippet:-1, max-image-preview:large, max-video-preview:-1\" \/>\n<link rel=\"canonical\" href=\"https:\/\/projetopurus.com.br\/en\/noticias\/\" \/>\n<meta property=\"og:locale\" content=\"en_US\" \/>\n<meta property=\"og:type\" content=\"article\" \/>\n<meta property=\"og:title\" content=\"Not\u00edcias - Projeto Purus\" \/>\n<meta property=\"og:url\" content=\"https:\/\/projetopurus.com.br\/en\/noticias\/\" \/>\n<meta property=\"og:site_name\" content=\"Projeto Purus\" \/>\n<meta property=\"article:modified_time\" content=\"2021-09-01T21:17:15+00:00\" \/>\n<meta name=\"twitter:card\" content=\"summary_large_image\" \/>\n<meta name=\"twitter:label1\" content=\"Est. reading time\" \/>\n\t<meta name=\"twitter:data1\" content=\"2 minutes\" \/>\n<script type=\"application\/ld+json\" class=\"yoast-schema-graph\">{\"@context\":\"https:\\\/\\\/schema.org\",\"@graph\":[{\"@type\":\"WebPage\",\"@id\":\"https:\\\/\\\/projetopurus.com.br\\\/noticias\\\/\",\"url\":\"https:\\\/\\\/projetopurus.com.br\\\/noticias\\\/\",\"name\":\"Not\u00edcias - Projeto Purus\",\"isPartOf\":{\"@id\":\"https:\\\/\\\/projetopurus.com.br\\\/#website\"},\"datePublished\":\"2021-04-21T22:52:32+00:00\",\"dateModified\":\"2021-09-01T21:17:15+00:00\",\"breadcrumb\":{\"@id\":\"https:\\\/\\\/projetopurus.com.br\\\/noticias\\\/#breadcrumb\"},\"inLanguage\":\"en-US\",\"potentialAction\":[{\"@type\":\"ReadAction\",\"target\":[\"https:\\\/\\\/projetopurus.com.br\\\/noticias\\\/\"]}]},{\"@type\":\"BreadcrumbList\",\"@id\":\"https:\\\/\\\/projetopurus.com.br\\\/noticias\\\/#breadcrumb\",\"itemListElement\":[{\"@type\":\"ListItem\",\"position\":1,\"name\":\"In\u00edcio\",\"item\":\"https:\\\/\\\/projetopurus.com.br\\\/\"},{\"@type\":\"ListItem\",\"position\":2,\"name\":\"Not\u00edcias\"}]},{\"@type\":\"WebSite\",\"@id\":\"https:\\\/\\\/projetopurus.com.br\\\/#website\",\"url\":\"https:\\\/\\\/projetopurus.com.br\\\/\",\"name\":\"Projeto Purus\",\"description\":\"Projeto de Conserva\u00e7\u00e3o de Floresta Tropical no Acre-Brasil\",\"publisher\":{\"@id\":\"https:\\\/\\\/projetopurus.com.br\\\/#organization\"},\"potentialAction\":[{\"@type\":\"SearchAction\",\"target\":{\"@type\":\"EntryPoint\",\"urlTemplate\":\"https:\\\/\\\/projetopurus.com.br\\\/?s={search_term_string}\"},\"query-input\":{\"@type\":\"PropertyValueSpecification\",\"valueRequired\":true,\"valueName\":\"search_term_string\"}}],\"inLanguage\":\"en-US\"},{\"@type\":\"Organization\",\"@id\":\"https:\\\/\\\/projetopurus.com.br\\\/#organization\",\"name\":\"Projeto Purus\",\"url\":\"https:\\\/\\\/projetopurus.com.br\\\/\",\"logo\":{\"@type\":\"ImageObject\",\"inLanguage\":\"en-US\",\"@id\":\"https:\\\/\\\/projetopurus.com.br\\\/#\\\/schema\\\/logo\\\/image\\\/\",\"url\":\"https:\\\/\\\/projetopurus.com.br\\\/wp-content\\\/uploads\\\/2021\\\/02\\\/IMG-20210225-WA0033.jpg\",\"contentUrl\":\"https:\\\/\\\/projetopurus.com.br\\\/wp-content\\\/uploads\\\/2021\\\/02\\\/IMG-20210225-WA0033.jpg\",\"width\":252,\"height\":107,\"caption\":\"Projeto Purus\"},\"image\":{\"@id\":\"https:\\\/\\\/projetopurus.com.br\\\/#\\\/schema\\\/logo\\\/image\\\/\"}}]}<\/script>\n<!-- \/ Yoast SEO plugin. -->","yoast_head_json":{"title":"Not\u00edcias - Projeto Purus","robots":{"index":"index","follow":"follow","max-snippet":"max-snippet:-1","max-image-preview":"max-image-preview:large","max-video-preview":"max-video-preview:-1"},"canonical":"https:\/\/projetopurus.com.br\/en\/noticias\/","og_locale":"en_US","og_type":"article","og_title":"Not\u00edcias - Projeto Purus","og_url":"https:\/\/projetopurus.com.br\/en\/noticias\/","og_site_name":"Projeto Purus","article_modified_time":"2021-09-01T21:17:15+00:00","twitter_card":"summary_large_image","twitter_misc":{"Est. reading time":"2 minutes"},"schema":{"@context":"https:\/\/schema.org","@graph":[{"@type":"WebPage","@id":"https:\/\/projetopurus.com.br\/noticias\/","url":"https:\/\/projetopurus.com.br\/noticias\/","name":"Not\u00edcias - Projeto Purus","isPartOf":{"@id":"https:\/\/projetopurus.com.br\/#website"},"datePublished":"2021-04-21T22:52:32+00:00","dateModified":"2021-09-01T21:17:15+00:00","breadcrumb":{"@id":"https:\/\/projetopurus.com.br\/noticias\/#breadcrumb"},"inLanguage":"en-US","potentialAction":[{"@type":"ReadAction","target":["https:\/\/projetopurus.com.br\/noticias\/"]}]},{"@type":"BreadcrumbList","@id":"https:\/\/projetopurus.com.br\/noticias\/#breadcrumb","itemListElement":[{"@type":"ListItem","position":1,"name":"In\u00edcio","item":"https:\/\/projetopurus.com.br\/"},{"@type":"ListItem","position":2,"name":"Not\u00edcias"}]},{"@type":"WebSite","@id":"https:\/\/projetopurus.com.br\/#website","url":"https:\/\/projetopurus.com.br\/","name":"Projeto Purus","description":"Projeto de Conserva\u00e7\u00e3o de Floresta Tropical no Acre-Brasil","publisher":{"@id":"https:\/\/projetopurus.com.br\/#organization"},"potentialAction":[{"@type":"SearchAction","target":{"@type":"EntryPoint","urlTemplate":"https:\/\/projetopurus.com.br\/?s={search_term_string}"},"query-input":{"@type":"PropertyValueSpecification","valueRequired":true,"valueName":"search_term_string"}}],"inLanguage":"en-US"},{"@type":"Organization","@id":"https:\/\/projetopurus.com.br\/#organization","name":"Projeto Purus","url":"https:\/\/projetopurus.com.br\/","logo":{"@type":"ImageObject","inLanguage":"en-US","@id":"https:\/\/projetopurus.com.br\/#\/schema\/logo\/image\/","url":"https:\/\/projetopurus.com.br\/wp-content\/uploads\/2021\/02\/IMG-20210225-WA0033.jpg","contentUrl":"https:\/\/projetopurus.com.br\/wp-content\/uploads\/2021\/02\/IMG-20210225-WA0033.jpg","width":252,"height":107,"caption":"Projeto Purus"},"image":{"@id":"https:\/\/projetopurus.com.br\/#\/schema\/logo\/image\/"}}]}},"_links":{"self":[{"href":"https:\/\/projetopurus.com.br\/en\/wp-json\/wp\/v2\/pages\/42","targetHints":{"allow":["GET"]}}],"collection":[{"href":"https:\/\/projetopurus.com.br\/en\/wp-json\/wp\/v2\/pages"}],"about":[{"href":"https:\/\/projetopurus.com.br\/en\/wp-json\/wp\/v2\/types\/page"}],"author":[{"embeddable":true,"href":"https:\/\/projetopurus.com.br\/en\/wp-json\/wp\/v2\/users\/1"}],"replies":[{"embeddable":true,"href":"https:\/\/projetopurus.com.br\/en\/wp-json\/wp\/v2\/comments?post=42"}],"version-history":[{"count":13,"href":"https:\/\/projetopurus.com.br\/en\/wp-json\/wp\/v2\/pages\/42\/revisions"}],"predecessor-version":[{"id":490,"href":"https:\/\/projetopurus.com.br\/en\/wp-json\/wp\/v2\/pages\/42\/revisions\/490"}],"wp:attachment":[{"href":"https:\/\/projetopurus.com.br\/en\/wp-json\/wp\/v2\/media?parent=42"}],"curies":[{"name":"wp","href":"https:\/\/api.w.org\/{rel}","templated":true}]}}